{"id":801,"date":"2023-10-24T10:43:35","date_gmt":"2023-10-24T10:43:35","guid":{"rendered":"https:\/\/futer.rs\/ueber-uns\/"},"modified":"2024-07-26T13:54:29","modified_gmt":"2024-07-26T13:54:29","slug":"ueber-uns","status":"publish","type":"page","link":"https:\/\/futer.rs\/de\/ueber-uns\/","title":{"rendered":"\u00dcber uns"},"content":{"rendered":"\t\t<div data-elementor-type=\"wp-page\" data-elementor-id=\"801\" class=\"elementor elementor-801 elementor-133\" data-elementor-post-type=\"page\">\n\t\t\t\t\t\t\t<div class=\"elementor-element elementor-element-56d00606 e-con-full elementor-hidden-tablet elementor-hidden-mobile e-flex e-con e-parent\" data-id=\"56d00606\" data-element_type=\"container\" data-settings=\"{&quot;background_background&quot;:&quot;classic&quot;,&quot;content_width&quot;:&quot;full&quot;}\" data-core-v316-plus=\"true\">\n\t\t<div class=\"elementor-element elementor-element-78203558 e-con-full e-flex e-con e-child\" data-id=\"78203558\" data-element_type=\"container\" data-settings=\"{&quot;content_width&quot;:&quot;full&quot;}\">\n\t\t\t\t<div class=\"elementor-element elementor-element-179e2289 elementor-hidden-desktop elementor-hidden-tablet elementor-hidden-mobile elementor-widget elementor-widget-image\" data-id=\"179e2289\" data-element_type=\"widget\" data-widget_type=\"image.default\">\n\t\t\t\t<div class=\"elementor-widget-container\">\n\t\t\t<style>\/*! elementor - v3.17.0 - 08-11-2023 *\/\n.elementor-widget-image{text-align:center}.elementor-widget-image a{display:inline-block}.elementor-widget-image a img[src$=\".svg\"]{width:48px}.elementor-widget-image img{vertical-align:middle;display:inline-block}<\/style>\t\t\t\t\t\t\t\t\t\t\t\t\t<a href=\"https:\/\/drveta.fordaq.com\/company\/FUTER+d.o.o._327700.html\" target=\"_blank\">\n\t\t\t\t\t\t\t<img loading=\"lazy\" decoding=\"async\" width=\"120\" height=\"29\" src=\"https:\/\/futer.rs\/wp-content\/uploads\/2023\/10\/futer-serbia-fordaq.png\" class=\"attachment-full size-full wp-image-327\" alt=\"fordaq\" \/>\t\t\t\t\t\t\t\t<\/a>\n\t\t\t\t\t\t\t\t\t\t\t\t\t\t\t<\/div>\n\t\t\t\t<\/div>\n\t\t\t\t<div class=\"elementor-element elementor-element-2bacf85d elementor-hidden-desktop elementor-hidden-tablet elementor-hidden-mobile elementor-widget elementor-widget-image\" data-id=\"2bacf85d\" data-element_type=\"widget\" data-widget_type=\"image.default\">\n\t\t\t\t<div class=\"elementor-widget-container\">\n\t\t\t\t\t\t\t\t\t\t\t\t\t\t\t\t<a href=\"https:\/\/futer.rs\/wp-content\/uploads\/2023\/11\/E-CERT_EN_V31_FUTER-1_231014_121034.pdf\" target=\"_blank\">\n\t\t\t\t\t\t\t<img loading=\"lazy\" decoding=\"async\" width=\"225\" height=\"225\" src=\"https:\/\/futer.rs\/wp-content\/uploads\/2023\/11\/fsc.png\" class=\"attachment-full size-full wp-image-1033\" alt=\"\" srcset=\"https:\/\/futer.rs\/wp-content\/uploads\/2023\/11\/fsc.png 225w, https:\/\/futer.rs\/wp-content\/uploads\/2023\/11\/fsc-150x150.png 150w\" sizes=\"(max-width: 225px) 100vw, 225px\" \/>\t\t\t\t\t\t\t\t<\/a>\n\t\t\t\t\t\t\t\t\t\t\t\t\t\t\t<\/div>\n\t\t\t\t<\/div>\n\t\t\t\t<\/div>\n\t\t<div class=\"elementor-element elementor-element-6a143b6d e-con-full e-flex e-con e-child\" data-id=\"6a143b6d\" data-element_type=\"container\" data-settings=\"{&quot;content_width&quot;:&quot;full&quot;}\">\n\t\t\t\t<div class=\"elementor-element elementor-element-239db95 elementor-widget elementor-widget-wpml-language-switcher\" data-id=\"239db95\" data-element_type=\"widget\" data-widget_type=\"wpml-language-switcher.default\">\n\t\t\t\t<div class=\"elementor-widget-container\">\n\t\t\t<div class=\"wpml-elementor-ls\">\n<div\n\t class=\"wpml-ls-statics-shortcode_actions wpml-ls wpml-ls-legacy-dropdown js-wpml-ls-legacy-dropdown\">\n\t<ul>\n\n\t\t<li tabindex=\"0\" class=\"wpml-ls-slot-shortcode_actions wpml-ls-item wpml-ls-item-de wpml-ls-current-language wpml-ls-item-legacy-dropdown\">\n\t\t\t<a href=\"#\" class=\"js-wpml-ls-item-toggle wpml-ls-item-toggle\">\n                                                    <img decoding=\"async\"\n            class=\"wpml-ls-flag\"\n            src=\"https:\/\/futer.rs\/wp-content\/plugins\/sitepress-multilingual-cms\/res\/flags\/de.svg\"\n            alt=\"Deutsch\"\n            width=18\n            height=12\n    \/><\/a>\n\n\t\t\t<ul class=\"wpml-ls-sub-menu\">\n\t\t\t\t\n\t\t\t\t\t<li class=\"wpml-ls-slot-shortcode_actions wpml-ls-item wpml-ls-item-en wpml-ls-first-item\">\n\t\t\t\t\t\t<a href=\"https:\/\/futer.rs\/en\/\" class=\"wpml-ls-link\">\n                                                                <img decoding=\"async\"\n            class=\"wpml-ls-flag\"\n            src=\"https:\/\/futer.rs\/wp-content\/plugins\/sitepress-multilingual-cms\/res\/flags\/en.svg\"\n            alt=\"Englisch\"\n            width=18\n            height=12\n    \/><\/a>\n\t\t\t\t\t<\/li>\n\n\t\t\t\t\n\t\t\t\t\t<li class=\"wpml-ls-slot-shortcode_actions wpml-ls-item wpml-ls-item-sr\">\n\t\t\t\t\t\t<a href=\"https:\/\/futer.rs\" class=\"wpml-ls-link\">\n                                                                <img decoding=\"async\"\n            class=\"wpml-ls-flag\"\n            src=\"https:\/\/futer.rs\/wp-content\/plugins\/sitepress-multilingual-cms\/res\/flags\/sr.svg\"\n            alt=\"Serbisch\"\n            width=18\n            height=12\n    \/><\/a>\n\t\t\t\t\t<\/li>\n\n\t\t\t\t\n\t\t\t\t\t<li class=\"wpml-ls-slot-shortcode_actions wpml-ls-item wpml-ls-item-zh-hans wpml-ls-last-item\">\n\t\t\t\t\t\t<a href=\"https:\/\/futer.rs\/zh-hans\/\" class=\"wpml-ls-link\">\n                                                                <img decoding=\"async\"\n            class=\"wpml-ls-flag\"\n            src=\"https:\/\/futer.rs\/wp-content\/plugins\/sitepress-multilingual-cms\/res\/flags\/zh-hans.svg\"\n            alt=\"Vereinfachtes Chinesisch\"\n            width=18\n            height=12\n    \/><\/a>\n\t\t\t\t\t<\/li>\n\n\t\t\t\t\t\t\t<\/ul>\n\n\t\t<\/li>\n\n\t<\/ul>\n<\/div>\n<\/div>\t\t<\/div>\n\t\t\t\t<\/div>\n\t\t\t\t<\/div>\n\t\t\t\t<\/div>\n\t\t<div class=\"elementor-element elementor-element-265b22a e-flex e-con-boxed e-con e-parent\" data-id=\"265b22a\" data-element_type=\"container\" data-settings=\"{&quot;content_width&quot;:&quot;boxed&quot;}\" data-core-v316-plus=\"true\">\n\t\t\t\t\t<div class=\"e-con-inner\">\n\t\t\t\t\t<\/div>\n\t\t\t\t<\/div>\n\t\t<div class=\"elementor-element elementor-element-c385f8f e-flex e-con-boxed e-con e-parent\" data-id=\"c385f8f\" data-element_type=\"container\" data-settings=\"{&quot;content_width&quot;:&quot;boxed&quot;}\" data-core-v316-plus=\"true\">\n\t\t\t\t\t<div class=\"e-con-inner\">\n\t\t<div class=\"elementor-element elementor-element-8e0f2bc e-con-full e-flex e-con e-child\" data-id=\"8e0f2bc\" data-element_type=\"container\" data-settings=\"{&quot;content_width&quot;:&quot;full&quot;}\">\n\t\t\t\t<div class=\"elementor-element elementor-element-a3eafc4 elementor-widget elementor-widget-text-editor\" data-id=\"a3eafc4\" data-element_type=\"widget\" data-widget_type=\"text-editor.default\">\n\t\t\t\t<div class=\"elementor-widget-container\">\n\t\t\t<style>\/*! elementor - v3.17.0 - 08-11-2023 *\/\n.elementor-widget-text-editor.elementor-drop-cap-view-stacked .elementor-drop-cap{background-color:#69727d;color:#fff}.elementor-widget-text-editor.elementor-drop-cap-view-framed .elementor-drop-cap{color:#69727d;border:3px solid;background-color:transparent}.elementor-widget-text-editor:not(.elementor-drop-cap-view-default) .elementor-drop-cap{margin-top:8px}.elementor-widget-text-editor:not(.elementor-drop-cap-view-default) .elementor-drop-cap-letter{width:1em;height:1em}.elementor-widget-text-editor .elementor-drop-cap{float:left;text-align:center;line-height:1;font-size:50px}.elementor-widget-text-editor .elementor-drop-cap-letter{display:inline-block}<\/style>\t\t\t\t<p>Firma Futer GmbH aus \u0160abac wurde 1965 als kleines Familienunternehmen gegr\u00fcndet. Heute, nach mehr als 50 Jahren erfolgreicher T\u00e4tigkeit, geh\u00f6rt er zu den f\u00fchrenden Unternehmen in den <strong>Bereichen Einkauf, Verarbeitung und Verkauf<\/strong> von technischem Holz \u2013 Eiche, Esche, Buche, Linde, Kirsche und Walnuss.<br \/>Die Hauptprodukte des Unternehmens sind:<\/p>\n<ul>\n<li>Rund und Schnittholz,<\/li>\n<li>Furnier und Furnierholz,<\/li>\n<li>ABC-S\u00e4gewerk<\/li>\n<li>und Vierkantbretter \u2013 lose, halbkantig, geviertelt und Fries.<\/li>\n<\/ul>\n<p>Das j\u00e4hrliche Unternehmen produziert und exportiert von 15.000 m\u00b3 \u2013 20.000 m\u00b3 technisches Holz.<br \/>Wir achten von Jahr zu Jahr auf hohe Qualit\u00e4t und Quantit\u00e4t der fertigen Produkte und w\u00e4hlen den gr\u00f6\u00dften Teil unserer Produktpalette auf dem ausl\u00e4ndischen Markt, in China und den L\u00e4ndern Westeuropas.<\/p>\n\t\t\t\t\t\t<\/div>\n\t\t\t\t<\/div>\n\t\t\t\t<\/div>\n\t\t<div class=\"elementor-element elementor-element-c7b6911 e-con-full e-flex e-con e-child\" data-id=\"c7b6911\" data-element_type=\"container\" data-settings=\"{&quot;content_width&quot;:&quot;full&quot;}\">\n\t\t\t\t<div class=\"elementor-element elementor-element-1b8c078 elementor-widget elementor-widget-image\" data-id=\"1b8c078\" data-element_type=\"widget\" data-widget_type=\"image.default\">\n\t\t\t\t<div class=\"elementor-widget-container\">\n\t\t\t\t\t\t\t\t\t\t\t\t\t\t\t<img loading=\"lazy\" decoding=\"async\" width=\"800\" height=\"600\" src=\"https:\/\/futer.rs\/wp-content\/uploads\/2023\/10\/futer_42-1024x768.jpg\" class=\"attachment-large size-large wp-image-123\" alt=\"futer kamion\" srcset=\"https:\/\/futer.rs\/wp-content\/uploads\/2023\/10\/futer_42-1024x768.jpg 1024w, https:\/\/futer.rs\/wp-content\/uploads\/2023\/10\/futer_42-300x225.jpg 300w, https:\/\/futer.rs\/wp-content\/uploads\/2023\/10\/futer_42-768x576.jpg 768w, https:\/\/futer.rs\/wp-content\/uploads\/2023\/10\/futer_42-1536x1152.jpg 1536w, https:\/\/futer.rs\/wp-content\/uploads\/2023\/10\/futer_42.jpg 1600w\" sizes=\"(max-width: 800px) 100vw, 800px\" \/>\t\t\t\t\t\t\t\t\t\t\t\t\t\t\t<\/div>\n\t\t\t\t<\/div>\n\t\t\t\t<\/div>\n\t\t\t\t\t<\/div>\n\t\t\t\t<\/div>\n\t\t<div class=\"elementor-element elementor-element-af4148f e-flex e-con-boxed e-con e-parent\" data-id=\"af4148f\" data-element_type=\"container\" data-settings=\"{&quot;content_width&quot;:&quot;boxed&quot;}\" data-core-v316-plus=\"true\">\n\t\t\t\t\t<div class=\"e-con-inner\">\n\t\t\t\t<div class=\"elementor-element elementor-element-e652e08 elementor-widget elementor-widget-text-editor\" data-id=\"e652e08\" data-element_type=\"widget\" data-widget_type=\"text-editor.default\">\n\t\t\t\t<div class=\"elementor-widget-container\">\n\t\t\t\t\t\t\t<p>Ausgestattet mit modernsten Maschinen und Werkzeugen sind wir in der Lage, auf alle Kundenbed\u00fcrfnisse einzugehen.<\/p>\n<p>Wir bieten die M\u00f6glichkeit der Haus-zu-Haus-Zustellung sowie eine vollst\u00e4ndige \u00dcberwachung des Containers mit der Ware zum Lieferort mit den mitgelieferten Unterlagen.<\/p>\n\t\t\t\t\t\t<\/div>\n\t\t\t\t<\/div>\n\t\t\t\t\t<\/div>\n\t\t\t\t<\/div>\n\t\t\t\t\t\t\t<\/div>\n\t\t","protected":false},"excerpt":{"rendered":"<p>Firma Futer GmbH aus \u0160abac wurde 1965 als kleines Familienunternehmen gegr\u00fcndet. Heute, nach mehr als 50 Jahren erfolgreicher T\u00e4tigkeit, geh\u00f6rt er zu den f\u00fchrenden Unternehmen in den Bereichen Einkauf, Verarbeitung und Verkauf von technischem Holz \u2013 Eiche, Esche, Buche, Linde, Kirsche und Walnuss.Die Hauptprodukte des Unternehmens sind: Rund und Schnittholz, Furnier und Furnierholz, ABC-S\u00e4gewerk und [&hellip;]<\/p>\n","protected":false},"author":1,"featured_media":0,"parent":0,"menu_order":0,"comment_status":"closed","ping_status":"closed","template":"elementor_header_footer","meta":{"footnotes":""},"_links":{"self":[{"href":"https:\/\/futer.rs\/de\/wp-json\/wp\/v2\/pages\/801"}],"collection":[{"href":"https:\/\/futer.rs\/de\/wp-json\/wp\/v2\/pages"}],"about":[{"href":"https:\/\/futer.rs\/de\/wp-json\/wp\/v2\/types\/page"}],"author":[{"embeddable":true,"href":"https:\/\/futer.rs\/de\/wp-json\/wp\/v2\/users\/1"}],"replies":[{"embeddable":true,"href":"https:\/\/futer.rs\/de\/wp-json\/wp\/v2\/comments?post=801"}],"version-history":[{"count":7,"href":"https:\/\/futer.rs\/de\/wp-json\/wp\/v2\/pages\/801\/revisions"}],"predecessor-version":[{"id":1646,"href":"https:\/\/futer.rs\/de\/wp-json\/wp\/v2\/pages\/801\/revisions\/1646"}],"wp:attachment":[{"href":"https:\/\/futer.rs\/de\/wp-json\/wp\/v2\/media?parent=801"}],"curies":[{"name":"wp","href":"https:\/\/api.w.org\/{rel}","templated":true}]}}